{"id":4983,"date":"2026-01-27T23:22:06","date_gmt":"2026-01-27T21:22:06","guid":{"rendered":"https:\/\/mama-kann-das.com\/?post_type=product&#038;p=4983"},"modified":"2026-04-04T13:21:43","modified_gmt":"2026-04-04T11:21:43","slug":"arbeitsbuch-deine-reise-durch-emozonien","status":"publish","type":"product","link":"https:\/\/mama-kann-das.com\/index.php\/produkt\/arbeitsbuch-deine-reise-durch-emozonien\/","title":{"rendered":"Mitmachgeschichte &#8222;deine Reise durch Emozonien&#8220;"},"content":{"rendered":"<h2 data-path-to-node=\"8\">Dein Werkzeugkoffer f\u00fcr emotionale St\u00e4rke \u2013 und eine tiefe Verbindung \ud83e\uddf0\u2728<\/h2>\n<p data-path-to-node=\"9\">Gef\u00fchle zu verstehen ist der erste Schritt, sie im Alltag zu meistern, ist eine gemeinsame Reise. Die <b data-path-to-node=\"9\" data-index-in-node=\"107\">\u201eEmozonien-Mitmachgeschichte\u201c<\/b> ist der interaktive Begleiter, der dein Kind vom passiven Zuh\u00f6rer zum aktiven Entdecker seiner eigenen Innenwelt macht.<\/p>\n<h3 data-path-to-node=\"10\">Was dieses Buch so besonders macht:<\/h3>\n<ul data-path-to-node=\"11\">\n<li>\n<p data-path-to-node=\"11,0,0\">Dein Kind reist selbst durchs Weltall. Mit spezifischen Bewegungen und Vertiefungsfragen auf jeder Seite.<\/p>\n<\/li>\n<li>\n<p data-path-to-node=\"11,0,0\">Durch die spielerischen \u00dcbungen wie z.B. dem \u201eWut-Check\u201c lernt dein Kind, K\u00f6rpersignale zu deuten und proaktiv mit intensiven Gef\u00fchlen umzugehen.<\/p>\n<\/li>\n<li>\n<p data-path-to-node=\"11,1,0\">Die liebevoll gestalteten Seiten begleiten dein Kind durch jeden Sturm, st\u00e4rken die Selbstwirksamkeit und f\u00f6rdern die Resilienz.<\/p>\n<\/li>\n<li>\n<p data-path-to-node=\"11,2,0\">Mit dem Gef\u00fchlstagebuch geben wir den Emotionen ein Gesicht. Dadurch werden sie greifbarer und lassen sich einfacher in Worte fassen.<\/p>\n<\/li>\n<\/ul>\n<h3 data-path-to-node=\"12\">\ud83d\udef0\ufe0f Das Herzst\u00fcck: Der exklusive Reisef\u00fchrer f\u00fcr Eltern<\/h3>\n<p data-path-to-node=\"13\">Diese Mitmachgeschichte ist aber nicht nur f\u00fcr Kinder. \u00dcber einen <b data-path-to-node=\"13\" data-index-in-node=\"61\">integrierten QR-Code<\/b> erh\u00e4ltst du exklusiven Zugang zum digitalen Reisef\u00fchrer.<\/p>\n<p data-path-to-node=\"14\">Dieser Guide ist dein Kompass f\u00fcr eine bewusste Elternschaft:<\/p>\n<ul data-path-to-node=\"15\">\n<li>\n<p data-path-to-node=\"15,0,0\">Nutze die Planeten-Metaphern, um eine gemeinsame Sprache mit deinem Kind zu finden und schaffe so mehr Verbindung.<\/p>\n<\/li>\n<li>\n<p data-path-to-node=\"15,1,0\">Erfahre, wie du in emotionalen Momenten zum sicheren Hafen wirst.<\/p>\n<\/li>\n<li>\n<p data-path-to-node=\"15,2,0\">Praktische Strategien zur Co-Regulation helfen euch dabei, Konflikte als Chance f\u00fcr noch mehr N\u00e4he zu nutzen.<\/p>\n<\/li>\n<\/ul>\n<p data-path-to-node=\"16\"><b data-path-to-node=\"16\" data-index-in-node=\"0\">Mach dein Kind zum Experten f\u00fcr seine Gef\u00fchle und st\u00e4rke gleichzeitig die Beziehung zwischen euch. Ein unverzichtbares Werkzeug f\u00fcr Familien, die gemeinsam wachsen wollen.<\/b><\/p>\n","protected":false},"excerpt":{"rendered":"<p data-path-to-node=\"5,0\"><b data-path-to-node=\"5,0\" data-index-in-node=\"0\">Vom Mitf\u00fchlen zum Mitmachen: Werde selbst zum Gef\u00fchls-Piloten!<\/b> \ud83e\uddd1\u200d\ud83d\ude80\ud83c\udfa8<\/p>\n<p data-path-to-node=\"5,1\">Das interaktive Arbeitsbuch zu \u201eCharlies Reise durch Emozonien\u201c. Hier vertiefen Kinder spielerisch ihr Wissen \u00fcber Emotionen und st\u00e4rken ihre Resilienz.<\/p>\n<p data-path-to-node=\"5,2\">\ud83c\udf1f <b data-path-to-node=\"5,2\" data-index-in-node=\"3\">Exklusiv in diesem Buch:<\/b> Dein QR-Code zum <b data-path-to-node=\"5,2\" data-index-in-node=\"45\">digitalen Reisef\u00fchrer f\u00fcr Eltern<\/b>. Erhalte wertvolle Impulse f\u00fcr mehr Verbindung, N\u00e4he und eine starke Beziehung zu deinem Kind \u2013 besonders in st\u00fcrmischen Zeiten.<\/p>\n<ul data-path-to-node=\"5,3\">\n<li>\n<p data-path-to-node=\"5,3,0,0\"><b data-path-to-node=\"5,3,0,0\" data-index-in-node=\"0\">Interaktive Inhalte:<\/b> Malvorlagen, Gef\u00fchls-Checks &amp; Reflexions\u00fcbungen.<\/p>\n<\/li>\n<li>\n<p data-path-to-node=\"5,3,1,0\"><b data-path-to-node=\"5,3,1,0\" data-index-in-node=\"0\">Praxisnah:<\/b> Die perfekte Vertiefung zur Vorlesegeschichte.<\/p>\n<\/li>\n<\/ul>\n","protected":false},"featured_media":4985,"comment_status":"open","ping_status":"closed","template":"","meta":{"jetpack_post_was_ever_published":false},"product_brand":[],"product_cat":[222,221],"product_tag":[],"class_list":{"0":"post-4983","1":"product","2":"type-product","3":"status-publish","4":"has-post-thumbnail","6":"product_cat-buecher","7":"product_cat-kinder","9":"first","10":"instock","11":"shipping-taxable","12":"purchasable","13":"product-type-simple"},"yoast_head":"<!-- This site is optimized with the Yoast SEO plugin v27.3 - https:\/\/yoast.com\/product\/yoast-seo-wordpress\/ -->\n<title>Mitmachgeschichte &quot;deine Reise durch Emozonien&quot; - mama-kann-das<\/title>\n<meta name=\"description\" content=\"Arbeitsbuch zur Resilienzf\u00f6rderung + exklusiver QR-Code mit dem Reisef\u00fchrer f\u00fcr Eltern. F\u00fcr mehr N\u00e4he, Verbindung &amp; starke Beziehungen. Jetzt bestellen!\" \/>\n<meta name=\"robots\" content=\"index, follow, max-snippet:-1, max-image-preview:large, max-video-preview:-1\" \/>\n<link rel=\"canonical\" href=\"https:\/\/mama-kann-das.com\/index.php\/produkt\/arbeitsbuch-deine-reise-durch-emozonien\/\" \/>\n<meta property=\"og:locale\" content=\"de_DE\" \/>\n<meta property=\"og:type\" content=\"article\" \/>\n<meta property=\"og:title\" content=\"Mitmachgeschichte &quot;deine Reise durch Emozonien&quot; - mama-kann-das\" \/>\n<meta property=\"og:description\" content=\"Arbeitsbuch zur Resilienzf\u00f6rderung + exklusiver QR-Code mit dem Reisef\u00fchrer f\u00fcr Eltern. F\u00fcr mehr N\u00e4he, Verbindung &amp; starke Beziehungen. Jetzt bestellen!\" \/>\n<meta property=\"og:url\" content=\"https:\/\/mama-kann-das.com\/index.php\/produkt\/arbeitsbuch-deine-reise-durch-emozonien\/\" \/>\n<meta property=\"og:site_name\" content=\"mama-kann-das\" \/>\n<meta property=\"article:modified_time\" content=\"2026-04-04T11:21:43+00:00\" \/>\n<meta property=\"og:image\" content=\"https:\/\/mama-kann-das.com\/wp-content\/uploads\/2026\/01\/20260117_101945-scaled.jpg\" \/>\n\t<meta property=\"og:image:width\" content=\"2560\" \/>\n\t<meta property=\"og:image:height\" content=\"1920\" \/>\n\t<meta property=\"og:image:type\" content=\"image\/jpeg\" \/>\n<meta name=\"twitter:card\" content=\"summary_large_image\" \/>\n<meta name=\"twitter:label1\" content=\"Gesch\u00e4tzte Lesezeit\" \/>\n\t<meta name=\"twitter:data1\" content=\"2\u00a0Minuten\" \/>\n<script type=\"application\/ld+json\" class=\"yoast-schema-graph\">{\"@context\":\"https:\\\/\\\/schema.org\",\"@graph\":[{\"@type\":\"WebPage\",\"@id\":\"https:\\\/\\\/mama-kann-das.com\\\/index.php\\\/produkt\\\/arbeitsbuch-deine-reise-durch-emozonien\\\/\",\"url\":\"https:\\\/\\\/mama-kann-das.com\\\/index.php\\\/produkt\\\/arbeitsbuch-deine-reise-durch-emozonien\\\/\",\"name\":\"Mitmachgeschichte \\\"deine Reise durch Emozonien\\\" - mama-kann-das\",\"isPartOf\":{\"@id\":\"https:\\\/\\\/mama-kann-das.com\\\/#website\"},\"primaryImageOfPage\":{\"@id\":\"https:\\\/\\\/mama-kann-das.com\\\/index.php\\\/produkt\\\/arbeitsbuch-deine-reise-durch-emozonien\\\/#primaryimage\"},\"image\":{\"@id\":\"https:\\\/\\\/mama-kann-das.com\\\/index.php\\\/produkt\\\/arbeitsbuch-deine-reise-durch-emozonien\\\/#primaryimage\"},\"thumbnailUrl\":\"https:\\\/\\\/i0.wp.com\\\/mama-kann-das.com\\\/wp-content\\\/uploads\\\/2026\\\/01\\\/20260117_101945-scaled.jpg?fit=2560%2C1920&ssl=1\",\"datePublished\":\"2026-01-27T21:22:06+00:00\",\"dateModified\":\"2026-04-04T11:21:43+00:00\",\"description\":\"Arbeitsbuch zur Resilienzf\u00f6rderung + exklusiver QR-Code mit dem Reisef\u00fchrer f\u00fcr Eltern. F\u00fcr mehr N\u00e4he, Verbindung & starke Beziehungen. Jetzt bestellen!\",\"breadcrumb\":{\"@id\":\"https:\\\/\\\/mama-kann-das.com\\\/index.php\\\/produkt\\\/arbeitsbuch-deine-reise-durch-emozonien\\\/#breadcrumb\"},\"inLanguage\":\"de\",\"potentialAction\":[{\"@type\":\"ReadAction\",\"target\":[\"https:\\\/\\\/mama-kann-das.com\\\/index.php\\\/produkt\\\/arbeitsbuch-deine-reise-durch-emozonien\\\/\"]}]},{\"@type\":\"ImageObject\",\"inLanguage\":\"de\",\"@id\":\"https:\\\/\\\/mama-kann-das.com\\\/index.php\\\/produkt\\\/arbeitsbuch-deine-reise-durch-emozonien\\\/#primaryimage\",\"url\":\"https:\\\/\\\/i0.wp.com\\\/mama-kann-das.com\\\/wp-content\\\/uploads\\\/2026\\\/01\\\/20260117_101945-scaled.jpg?fit=2560%2C1920&ssl=1\",\"contentUrl\":\"https:\\\/\\\/i0.wp.com\\\/mama-kann-das.com\\\/wp-content\\\/uploads\\\/2026\\\/01\\\/20260117_101945-scaled.jpg?fit=2560%2C1920&ssl=1\",\"width\":2560,\"height\":1920},{\"@type\":\"BreadcrumbList\",\"@id\":\"https:\\\/\\\/mama-kann-das.com\\\/index.php\\\/produkt\\\/arbeitsbuch-deine-reise-durch-emozonien\\\/#breadcrumb\",\"itemListElement\":[{\"@type\":\"ListItem\",\"position\":1,\"name\":\"Startseite\",\"item\":\"https:\\\/\\\/mama-kann-das.com\\\/\"},{\"@type\":\"ListItem\",\"position\":2,\"name\":\"Shop\",\"item\":\"https:\\\/\\\/mama-kann-das.com\\\/index.php\\\/shop\\\/\"},{\"@type\":\"ListItem\",\"position\":3,\"name\":\"Mitmachgeschichte &#8222;deine Reise durch Emozonien&#8220;\"}]},{\"@type\":\"WebSite\",\"@id\":\"https:\\\/\\\/mama-kann-das.com\\\/#website\",\"url\":\"https:\\\/\\\/mama-kann-das.com\\\/\",\"name\":\"mama-kann-das\",\"description\":\"gelassen durch den Familienalltag\",\"publisher\":{\"@id\":\"https:\\\/\\\/mama-kann-das.com\\\/#organization\"},\"potentialAction\":[{\"@type\":\"SearchAction\",\"target\":{\"@type\":\"EntryPoint\",\"urlTemplate\":\"https:\\\/\\\/mama-kann-das.com\\\/?s={search_term_string}\"},\"query-input\":{\"@type\":\"PropertyValueSpecification\",\"valueRequired\":true,\"valueName\":\"search_term_string\"}}],\"inLanguage\":\"de\"},{\"@type\":\"Organization\",\"@id\":\"https:\\\/\\\/mama-kann-das.com\\\/#organization\",\"name\":\"mama-kann-das\",\"url\":\"https:\\\/\\\/mama-kann-das.com\\\/\",\"logo\":{\"@type\":\"ImageObject\",\"inLanguage\":\"de\",\"@id\":\"https:\\\/\\\/mama-kann-das.com\\\/#\\\/schema\\\/logo\\\/image\\\/\",\"url\":\"https:\\\/\\\/i0.wp.com\\\/mama-kann-das.com\\\/wp-content\\\/uploads\\\/2026\\\/01\\\/cropped-Banner-neu-1.png?fit=1243%2C351&ssl=1\",\"contentUrl\":\"https:\\\/\\\/i0.wp.com\\\/mama-kann-das.com\\\/wp-content\\\/uploads\\\/2026\\\/01\\\/cropped-Banner-neu-1.png?fit=1243%2C351&ssl=1\",\"width\":1243,\"height\":351,\"caption\":\"mama-kann-das\"},\"image\":{\"@id\":\"https:\\\/\\\/mama-kann-das.com\\\/#\\\/schema\\\/logo\\\/image\\\/\"}}]}<\/script>\n<!-- \/ Yoast SEO plugin. -->","yoast_head_json":{"title":"Mitmachgeschichte \"deine Reise durch Emozonien\" - mama-kann-das","description":"Arbeitsbuch zur Resilienzf\u00f6rderung + exklusiver QR-Code mit dem Reisef\u00fchrer f\u00fcr Eltern. F\u00fcr mehr N\u00e4he, Verbindung & starke Beziehungen. Jetzt bestellen!","robots":{"index":"index","follow":"follow","max-snippet":"max-snippet:-1","max-image-preview":"max-image-preview:large","max-video-preview":"max-video-preview:-1"},"canonical":"https:\/\/mama-kann-das.com\/index.php\/produkt\/arbeitsbuch-deine-reise-durch-emozonien\/","og_locale":"de_DE","og_type":"article","og_title":"Mitmachgeschichte \"deine Reise durch Emozonien\" - mama-kann-das","og_description":"Arbeitsbuch zur Resilienzf\u00f6rderung + exklusiver QR-Code mit dem Reisef\u00fchrer f\u00fcr Eltern. F\u00fcr mehr N\u00e4he, Verbindung & starke Beziehungen. Jetzt bestellen!","og_url":"https:\/\/mama-kann-das.com\/index.php\/produkt\/arbeitsbuch-deine-reise-durch-emozonien\/","og_site_name":"mama-kann-das","article_modified_time":"2026-04-04T11:21:43+00:00","og_image":[{"width":2560,"height":1920,"url":"https:\/\/mama-kann-das.com\/wp-content\/uploads\/2026\/01\/20260117_101945-scaled.jpg","type":"image\/jpeg"}],"twitter_card":"summary_large_image","twitter_misc":{"Gesch\u00e4tzte Lesezeit":"2\u00a0Minuten"},"schema":{"@context":"https:\/\/schema.org","@graph":[{"@type":"WebPage","@id":"https:\/\/mama-kann-das.com\/index.php\/produkt\/arbeitsbuch-deine-reise-durch-emozonien\/","url":"https:\/\/mama-kann-das.com\/index.php\/produkt\/arbeitsbuch-deine-reise-durch-emozonien\/","name":"Mitmachgeschichte \"deine Reise durch Emozonien\" - mama-kann-das","isPartOf":{"@id":"https:\/\/mama-kann-das.com\/#website"},"primaryImageOfPage":{"@id":"https:\/\/mama-kann-das.com\/index.php\/produkt\/arbeitsbuch-deine-reise-durch-emozonien\/#primaryimage"},"image":{"@id":"https:\/\/mama-kann-das.com\/index.php\/produkt\/arbeitsbuch-deine-reise-durch-emozonien\/#primaryimage"},"thumbnailUrl":"https:\/\/i0.wp.com\/mama-kann-das.com\/wp-content\/uploads\/2026\/01\/20260117_101945-scaled.jpg?fit=2560%2C1920&ssl=1","datePublished":"2026-01-27T21:22:06+00:00","dateModified":"2026-04-04T11:21:43+00:00","description":"Arbeitsbuch zur Resilienzf\u00f6rderung + exklusiver QR-Code mit dem Reisef\u00fchrer f\u00fcr Eltern. F\u00fcr mehr N\u00e4he, Verbindung & starke Beziehungen. Jetzt bestellen!","breadcrumb":{"@id":"https:\/\/mama-kann-das.com\/index.php\/produkt\/arbeitsbuch-deine-reise-durch-emozonien\/#breadcrumb"},"inLanguage":"de","potentialAction":[{"@type":"ReadAction","target":["https:\/\/mama-kann-das.com\/index.php\/produkt\/arbeitsbuch-deine-reise-durch-emozonien\/"]}]},{"@type":"ImageObject","inLanguage":"de","@id":"https:\/\/mama-kann-das.com\/index.php\/produkt\/arbeitsbuch-deine-reise-durch-emozonien\/#primaryimage","url":"https:\/\/i0.wp.com\/mama-kann-das.com\/wp-content\/uploads\/2026\/01\/20260117_101945-scaled.jpg?fit=2560%2C1920&ssl=1","contentUrl":"https:\/\/i0.wp.com\/mama-kann-das.com\/wp-content\/uploads\/2026\/01\/20260117_101945-scaled.jpg?fit=2560%2C1920&ssl=1","width":2560,"height":1920},{"@type":"BreadcrumbList","@id":"https:\/\/mama-kann-das.com\/index.php\/produkt\/arbeitsbuch-deine-reise-durch-emozonien\/#breadcrumb","itemListElement":[{"@type":"ListItem","position":1,"name":"Startseite","item":"https:\/\/mama-kann-das.com\/"},{"@type":"ListItem","position":2,"name":"Shop","item":"https:\/\/mama-kann-das.com\/index.php\/shop\/"},{"@type":"ListItem","position":3,"name":"Mitmachgeschichte &#8222;deine Reise durch Emozonien&#8220;"}]},{"@type":"WebSite","@id":"https:\/\/mama-kann-das.com\/#website","url":"https:\/\/mama-kann-das.com\/","name":"mama-kann-das","description":"gelassen durch den Familienalltag","publisher":{"@id":"https:\/\/mama-kann-das.com\/#organization"},"potentialAction":[{"@type":"SearchAction","target":{"@type":"EntryPoint","urlTemplate":"https:\/\/mama-kann-das.com\/?s={search_term_string}"},"query-input":{"@type":"PropertyValueSpecification","valueRequired":true,"valueName":"search_term_string"}}],"inLanguage":"de"},{"@type":"Organization","@id":"https:\/\/mama-kann-das.com\/#organization","name":"mama-kann-das","url":"https:\/\/mama-kann-das.com\/","logo":{"@type":"ImageObject","inLanguage":"de","@id":"https:\/\/mama-kann-das.com\/#\/schema\/logo\/image\/","url":"https:\/\/i0.wp.com\/mama-kann-das.com\/wp-content\/uploads\/2026\/01\/cropped-Banner-neu-1.png?fit=1243%2C351&ssl=1","contentUrl":"https:\/\/i0.wp.com\/mama-kann-das.com\/wp-content\/uploads\/2026\/01\/cropped-Banner-neu-1.png?fit=1243%2C351&ssl=1","width":1243,"height":351,"caption":"mama-kann-das"},"image":{"@id":"https:\/\/mama-kann-das.com\/#\/schema\/logo\/image\/"}}]}},"jetpack_sharing_enabled":true,"_links":{"self":[{"href":"https:\/\/mama-kann-das.com\/index.php\/wp-json\/wp\/v2\/product\/4983","targetHints":{"allow":["GET"]}}],"collection":[{"href":"https:\/\/mama-kann-das.com\/index.php\/wp-json\/wp\/v2\/product"}],"about":[{"href":"https:\/\/mama-kann-das.com\/index.php\/wp-json\/wp\/v2\/types\/product"}],"replies":[{"embeddable":true,"href":"https:\/\/mama-kann-das.com\/index.php\/wp-json\/wp\/v2\/comments?post=4983"}],"wp:featuredmedia":[{"embeddable":true,"href":"https:\/\/mama-kann-das.com\/index.php\/wp-json\/wp\/v2\/media\/4985"}],"wp:attachment":[{"href":"https:\/\/mama-kann-das.com\/index.php\/wp-json\/wp\/v2\/media?parent=4983"}],"wp:term":[{"taxonomy":"product_brand","embeddable":true,"href":"https:\/\/mama-kann-das.com\/index.php\/wp-json\/wp\/v2\/product_brand?post=4983"},{"taxonomy":"product_cat","embeddable":true,"href":"https:\/\/mama-kann-das.com\/index.php\/wp-json\/wp\/v2\/product_cat?post=4983"},{"taxonomy":"product_tag","embeddable":true,"href":"https:\/\/mama-kann-das.com\/index.php\/wp-json\/wp\/v2\/product_tag?post=4983"}],"curies":[{"name":"wp","href":"https:\/\/api.w.org\/{rel}","templated":true}]}}