{"id":4977,"date":"2026-01-27T21:50:29","date_gmt":"2026-01-27T19:50:29","guid":{"rendered":"https:\/\/mama-kann-das.com\/?post_type=product&#038;p=4977"},"modified":"2026-04-04T13:21:43","modified_gmt":"2026-04-04T11:21:43","slug":"vorlesebuch-charlies-reise-durch-emozonien","status":"publish","type":"product","link":"https:\/\/mama-kann-das.com\/index.php\/produkt\/vorlesebuch-charlies-reise-durch-emozonien\/","title":{"rendered":"Vorlesebuch &#8222;Charlies Reise durch Emozonien&#8220;"},"content":{"rendered":"<h2 data-path-to-node=\"4\">Willkommen in Emozonien: Wo Gef\u00fchle zu Planeten werden \ud83c\udf20<\/h2>\n<p data-path-to-node=\"5\">F\u00e4llt es deinem Kind schwer, mit st\u00fcrmischen Gef\u00fchlen wie Wut oder Trauer umzugehen? Suchst du nach einem Weg, \u00fcber Emotionen zu sprechen, der leicht verst\u00e4ndlich ist und gleichzeitig nach Abenteuer klingt?<\/p>\n<p data-path-to-node=\"6\">In <b data-path-to-node=\"6\" data-index-in-node=\"3\">\u201eCharlies Reise durch Emozonien\u201c<\/b> wird die Innenwelt greifbar und bunt. Als Charlie mit seinem Raumschiff abhebt, ahnt er noch nicht, dass er in den Weiten des Alls nicht nur ferne Sterne entdeckt, sondern vor allem sich selbst.<\/p>\n<h3 data-path-to-node=\"7\">Warum dieses Vorlesebuch den Unterschied macht:<\/h3>\n<ul data-path-to-node=\"8\">\n<li>\n<p data-path-to-node=\"8,0,0\">Anstatt von einem Gef\u00fchlssturm mitgerissen zu werden, nimmt dein Kind eine neue Rolle ein. Wenn Wut oder Trauer zu besuchbaren Planeten werden, verlieren sie ihren Schrecken. Dein Kind lernt: &#8222;Ich bin hier, das Gef\u00fchl ist dort \u2013 und ich kann entscheiden, wie ich damit umgehe.&#8220; Dies hilft deinem Kind dabei, die eigenen Emotionen zu betrachten, ohne von ihnen \u00fcberw\u00e4ltigt zu werden.<\/p>\n<\/li>\n<li>\n<p data-path-to-node=\"8,1,0\">Charlie ist kein unfehlbarer Superheld, sondern ein Kind mit echten Fragen. Gemeinsam mit seinem Roboter-Freund NabQ lernt er, dass jedes Gef\u00fchl \u2013 auch das schwierigste \u2013 seinen Platz hat.<\/p>\n<\/li>\n<li>\n<p data-path-to-node=\"8,2,0\">Mit Charlie und NabQ w\u00e4chst die innere Widerstandskraft ganz von allein. Kinder begreifen, welche St\u00e4rken in ihnen schlummern und wie sie ihre Gef\u00fchle mit Leichtigkeit und Selbstbewusstsein steuern.<\/p>\n<\/li>\n<\/ul>\n<h3 data-path-to-node=\"9\">Das erwartet euch in Emozonien:<\/h3>\n<ul data-path-to-node=\"10\">\n<li>\n<p data-path-to-node=\"10,0,0\"><b data-path-to-node=\"10,0,0\" data-index-in-node=\"0\">Magische Illustrationen:<\/b> Farbenfrohe Welten, die zum Tr\u00e4umen einladen und das Unsichtbare sichtbar machen.<\/p>\n<\/li>\n<li>\n<p data-path-to-node=\"10,1,0\"><b data-path-to-node=\"10,1,0\" data-index-in-node=\"0\">Wertvolle Impulse:<\/b> Eine Geschichte, die nicht nur unterh\u00e4lt, sondern ganz nat\u00fcrlich zum gemeinsamen Austausch anregt.<\/p>\n<\/li>\n<li>\n<p data-path-to-node=\"10,2,0\"><b data-path-to-node=\"10,2,0\" data-index-in-node=\"0\">Der perfekte Start:<\/b> Dieses Buch bildet das Herzst\u00fcck des Emozonien-Universums und bereitet den Weg, um danach im zugeh\u00f6rigen Arbeitsbuch selbst zum Gef\u00fchls-Piloten zu werden.<\/p>\n<\/li>\n<\/ul>\n<p data-path-to-node=\"11\"><b data-path-to-node=\"11\" data-index-in-node=\"0\">Schenke deinem Kind die Superkraft, seine eigenen Gef\u00fchle mutig zu erkunden.<\/b><\/p>\n<p data-path-to-node=\"11\">(Bitte beachte, der Versand ist im Moment nur innerhalb der Schweiz m\u00f6glich.)<\/p>\n","protected":false},"excerpt":{"rendered":"<p data-path-to-node=\"4\"><b data-path-to-node=\"4\" data-index-in-node=\"0\">\u201eGef\u00fchle sind wie Planeten \u2013 man kann sie besuchen und auch wieder verlassen.\u201c<\/b><\/p>\n<p data-path-to-node=\"5\">Komm mit auf eine Reise durch das Universum! Gemeinsam mit Charlie und seinem Roboter-Freund NabQ erkunden wir das farbenfrohe Emozonien.<\/p>\n<p data-path-to-node=\"6\">Dieses liebevoll illustrierte Vorlesebuch macht Emotionen greifbar: Es hilft Kindern zwischen 4 und 99 Jahren, ihre Gef\u00fchle nicht nur zu sp\u00fcren, sondern sie spielerisch zu benennen und zu verstehen. Die wichtigste Lektion dabei: Jedes Gef\u00fchl darf da sein \u2013 und jedes Gef\u00fchl darf auch wieder gehen.<\/p>\n<p data-path-to-node=\"7\">Ein wertvoller Begleiter f\u00fcr mehr Emotionsregulation und Resilienz im Kinderalltag \u2013 die ideale Vorlese-Erg\u00e4nzung zum Emozonien-Arbeitsbuch.<\/p>\n","protected":false},"featured_media":4979,"comment_status":"open","ping_status":"closed","template":"","meta":{"jetpack_post_was_ever_published":false},"product_brand":[],"product_cat":[222,221],"product_tag":[],"class_list":{"0":"post-4977","1":"product","2":"type-product","3":"status-publish","4":"has-post-thumbnail","6":"product_cat-buecher","7":"product_cat-kinder","9":"first","10":"instock","11":"shipping-taxable","12":"purchasable","13":"product-type-simple"},"yoast_head":"<!-- This site is optimized with the Yoast SEO plugin v27.3 - https:\/\/yoast.com\/product\/yoast-seo-wordpress\/ -->\n<title>Vorlesebuch &quot;Charlies Reise durch Emozonien&quot; - mama-kann-das<\/title>\n<meta name=\"description\" content=\"Begleite Charlie ins Gef\u00fchlsuniversum! Ein liebevolles Vorlesebuch \u00fcber Resilienz &amp; Emotionen. Hilf deinem Kind, Gef\u00fchle spielerisch zu verstehen.\" \/>\n<meta name=\"robots\" content=\"index, follow, max-snippet:-1, max-image-preview:large, max-video-preview:-1\" \/>\n<link rel=\"canonical\" href=\"https:\/\/mama-kann-das.com\/index.php\/produkt\/vorlesebuch-charlies-reise-durch-emozonien\/\" \/>\n<meta property=\"og:locale\" content=\"de_DE\" \/>\n<meta property=\"og:type\" content=\"article\" \/>\n<meta property=\"og:title\" content=\"Vorlesebuch &quot;Charlies Reise durch Emozonien&quot; - mama-kann-das\" \/>\n<meta property=\"og:description\" content=\"Begleite Charlie ins Gef\u00fchlsuniversum! Ein liebevolles Vorlesebuch \u00fcber Resilienz &amp; Emotionen. Hilf deinem Kind, Gef\u00fchle spielerisch zu verstehen.\" \/>\n<meta property=\"og:url\" content=\"https:\/\/mama-kann-das.com\/index.php\/produkt\/vorlesebuch-charlies-reise-durch-emozonien\/\" \/>\n<meta property=\"og:site_name\" content=\"mama-kann-das\" \/>\n<meta property=\"article:modified_time\" content=\"2026-04-04T11:21:43+00:00\" \/>\n<meta property=\"og:image\" content=\"https:\/\/mama-kann-das.com\/wp-content\/uploads\/2026\/01\/20260117_101834_compressed-scaled.jpg\" \/>\n\t<meta property=\"og:image:width\" content=\"1920\" \/>\n\t<meta property=\"og:image:height\" content=\"2560\" \/>\n\t<meta property=\"og:image:type\" content=\"image\/jpeg\" \/>\n<meta name=\"twitter:card\" content=\"summary_large_image\" \/>\n<meta name=\"twitter:label1\" content=\"Gesch\u00e4tzte Lesezeit\" \/>\n\t<meta name=\"twitter:data1\" content=\"2\u00a0Minuten\" \/>\n<script type=\"application\/ld+json\" class=\"yoast-schema-graph\">{\"@context\":\"https:\\\/\\\/schema.org\",\"@graph\":[{\"@type\":\"WebPage\",\"@id\":\"https:\\\/\\\/mama-kann-das.com\\\/index.php\\\/produkt\\\/vorlesebuch-charlies-reise-durch-emozonien\\\/\",\"url\":\"https:\\\/\\\/mama-kann-das.com\\\/index.php\\\/produkt\\\/vorlesebuch-charlies-reise-durch-emozonien\\\/\",\"name\":\"Vorlesebuch \\\"Charlies Reise durch Emozonien\\\" - mama-kann-das\",\"isPartOf\":{\"@id\":\"https:\\\/\\\/mama-kann-das.com\\\/#website\"},\"primaryImageOfPage\":{\"@id\":\"https:\\\/\\\/mama-kann-das.com\\\/index.php\\\/produkt\\\/vorlesebuch-charlies-reise-durch-emozonien\\\/#primaryimage\"},\"image\":{\"@id\":\"https:\\\/\\\/mama-kann-das.com\\\/index.php\\\/produkt\\\/vorlesebuch-charlies-reise-durch-emozonien\\\/#primaryimage\"},\"thumbnailUrl\":\"https:\\\/\\\/i0.wp.com\\\/mama-kann-das.com\\\/wp-content\\\/uploads\\\/2026\\\/01\\\/20260117_101834_compressed-scaled.jpg?fit=1920%2C2560&ssl=1\",\"datePublished\":\"2026-01-27T19:50:29+00:00\",\"dateModified\":\"2026-04-04T11:21:43+00:00\",\"description\":\"Begleite Charlie ins Gef\u00fchlsuniversum! Ein liebevolles Vorlesebuch \u00fcber Resilienz & Emotionen. Hilf deinem Kind, Gef\u00fchle spielerisch zu verstehen.\",\"breadcrumb\":{\"@id\":\"https:\\\/\\\/mama-kann-das.com\\\/index.php\\\/produkt\\\/vorlesebuch-charlies-reise-durch-emozonien\\\/#breadcrumb\"},\"inLanguage\":\"de\",\"potentialAction\":[{\"@type\":\"ReadAction\",\"target\":[\"https:\\\/\\\/mama-kann-das.com\\\/index.php\\\/produkt\\\/vorlesebuch-charlies-reise-durch-emozonien\\\/\"]}]},{\"@type\":\"ImageObject\",\"inLanguage\":\"de\",\"@id\":\"https:\\\/\\\/mama-kann-das.com\\\/index.php\\\/produkt\\\/vorlesebuch-charlies-reise-durch-emozonien\\\/#primaryimage\",\"url\":\"https:\\\/\\\/i0.wp.com\\\/mama-kann-das.com\\\/wp-content\\\/uploads\\\/2026\\\/01\\\/20260117_101834_compressed-scaled.jpg?fit=1920%2C2560&ssl=1\",\"contentUrl\":\"https:\\\/\\\/i0.wp.com\\\/mama-kann-das.com\\\/wp-content\\\/uploads\\\/2026\\\/01\\\/20260117_101834_compressed-scaled.jpg?fit=1920%2C2560&ssl=1\",\"width\":1920,\"height\":2560},{\"@type\":\"BreadcrumbList\",\"@id\":\"https:\\\/\\\/mama-kann-das.com\\\/index.php\\\/produkt\\\/vorlesebuch-charlies-reise-durch-emozonien\\\/#breadcrumb\",\"itemListElement\":[{\"@type\":\"ListItem\",\"position\":1,\"name\":\"Startseite\",\"item\":\"https:\\\/\\\/mama-kann-das.com\\\/\"},{\"@type\":\"ListItem\",\"position\":2,\"name\":\"Shop\",\"item\":\"https:\\\/\\\/mama-kann-das.com\\\/index.php\\\/shop\\\/\"},{\"@type\":\"ListItem\",\"position\":3,\"name\":\"Vorlesebuch &#8222;Charlies Reise durch Emozonien&#8220;\"}]},{\"@type\":\"WebSite\",\"@id\":\"https:\\\/\\\/mama-kann-das.com\\\/#website\",\"url\":\"https:\\\/\\\/mama-kann-das.com\\\/\",\"name\":\"mama-kann-das\",\"description\":\"gelassen durch den Familienalltag\",\"publisher\":{\"@id\":\"https:\\\/\\\/mama-kann-das.com\\\/#organization\"},\"potentialAction\":[{\"@type\":\"SearchAction\",\"target\":{\"@type\":\"EntryPoint\",\"urlTemplate\":\"https:\\\/\\\/mama-kann-das.com\\\/?s={search_term_string}\"},\"query-input\":{\"@type\":\"PropertyValueSpecification\",\"valueRequired\":true,\"valueName\":\"search_term_string\"}}],\"inLanguage\":\"de\"},{\"@type\":\"Organization\",\"@id\":\"https:\\\/\\\/mama-kann-das.com\\\/#organization\",\"name\":\"mama-kann-das\",\"url\":\"https:\\\/\\\/mama-kann-das.com\\\/\",\"logo\":{\"@type\":\"ImageObject\",\"inLanguage\":\"de\",\"@id\":\"https:\\\/\\\/mama-kann-das.com\\\/#\\\/schema\\\/logo\\\/image\\\/\",\"url\":\"https:\\\/\\\/i0.wp.com\\\/mama-kann-das.com\\\/wp-content\\\/uploads\\\/2026\\\/01\\\/cropped-Banner-neu-1.png?fit=1243%2C351&ssl=1\",\"contentUrl\":\"https:\\\/\\\/i0.wp.com\\\/mama-kann-das.com\\\/wp-content\\\/uploads\\\/2026\\\/01\\\/cropped-Banner-neu-1.png?fit=1243%2C351&ssl=1\",\"width\":1243,\"height\":351,\"caption\":\"mama-kann-das\"},\"image\":{\"@id\":\"https:\\\/\\\/mama-kann-das.com\\\/#\\\/schema\\\/logo\\\/image\\\/\"}}]}<\/script>\n<!-- \/ Yoast SEO plugin. -->","yoast_head_json":{"title":"Vorlesebuch \"Charlies Reise durch Emozonien\" - mama-kann-das","description":"Begleite Charlie ins Gef\u00fchlsuniversum! Ein liebevolles Vorlesebuch \u00fcber Resilienz & Emotionen. Hilf deinem Kind, Gef\u00fchle spielerisch zu verstehen.","robots":{"index":"index","follow":"follow","max-snippet":"max-snippet:-1","max-image-preview":"max-image-preview:large","max-video-preview":"max-video-preview:-1"},"canonical":"https:\/\/mama-kann-das.com\/index.php\/produkt\/vorlesebuch-charlies-reise-durch-emozonien\/","og_locale":"de_DE","og_type":"article","og_title":"Vorlesebuch \"Charlies Reise durch Emozonien\" - mama-kann-das","og_description":"Begleite Charlie ins Gef\u00fchlsuniversum! Ein liebevolles Vorlesebuch \u00fcber Resilienz & Emotionen. Hilf deinem Kind, Gef\u00fchle spielerisch zu verstehen.","og_url":"https:\/\/mama-kann-das.com\/index.php\/produkt\/vorlesebuch-charlies-reise-durch-emozonien\/","og_site_name":"mama-kann-das","article_modified_time":"2026-04-04T11:21:43+00:00","og_image":[{"width":1920,"height":2560,"url":"https:\/\/mama-kann-das.com\/wp-content\/uploads\/2026\/01\/20260117_101834_compressed-scaled.jpg","type":"image\/jpeg"}],"twitter_card":"summary_large_image","twitter_misc":{"Gesch\u00e4tzte Lesezeit":"2\u00a0Minuten"},"schema":{"@context":"https:\/\/schema.org","@graph":[{"@type":"WebPage","@id":"https:\/\/mama-kann-das.com\/index.php\/produkt\/vorlesebuch-charlies-reise-durch-emozonien\/","url":"https:\/\/mama-kann-das.com\/index.php\/produkt\/vorlesebuch-charlies-reise-durch-emozonien\/","name":"Vorlesebuch \"Charlies Reise durch Emozonien\" - mama-kann-das","isPartOf":{"@id":"https:\/\/mama-kann-das.com\/#website"},"primaryImageOfPage":{"@id":"https:\/\/mama-kann-das.com\/index.php\/produkt\/vorlesebuch-charlies-reise-durch-emozonien\/#primaryimage"},"image":{"@id":"https:\/\/mama-kann-das.com\/index.php\/produkt\/vorlesebuch-charlies-reise-durch-emozonien\/#primaryimage"},"thumbnailUrl":"https:\/\/i0.wp.com\/mama-kann-das.com\/wp-content\/uploads\/2026\/01\/20260117_101834_compressed-scaled.jpg?fit=1920%2C2560&ssl=1","datePublished":"2026-01-27T19:50:29+00:00","dateModified":"2026-04-04T11:21:43+00:00","description":"Begleite Charlie ins Gef\u00fchlsuniversum! Ein liebevolles Vorlesebuch \u00fcber Resilienz & Emotionen. Hilf deinem Kind, Gef\u00fchle spielerisch zu verstehen.","breadcrumb":{"@id":"https:\/\/mama-kann-das.com\/index.php\/produkt\/vorlesebuch-charlies-reise-durch-emozonien\/#breadcrumb"},"inLanguage":"de","potentialAction":[{"@type":"ReadAction","target":["https:\/\/mama-kann-das.com\/index.php\/produkt\/vorlesebuch-charlies-reise-durch-emozonien\/"]}]},{"@type":"ImageObject","inLanguage":"de","@id":"https:\/\/mama-kann-das.com\/index.php\/produkt\/vorlesebuch-charlies-reise-durch-emozonien\/#primaryimage","url":"https:\/\/i0.wp.com\/mama-kann-das.com\/wp-content\/uploads\/2026\/01\/20260117_101834_compressed-scaled.jpg?fit=1920%2C2560&ssl=1","contentUrl":"https:\/\/i0.wp.com\/mama-kann-das.com\/wp-content\/uploads\/2026\/01\/20260117_101834_compressed-scaled.jpg?fit=1920%2C2560&ssl=1","width":1920,"height":2560},{"@type":"BreadcrumbList","@id":"https:\/\/mama-kann-das.com\/index.php\/produkt\/vorlesebuch-charlies-reise-durch-emozonien\/#breadcrumb","itemListElement":[{"@type":"ListItem","position":1,"name":"Startseite","item":"https:\/\/mama-kann-das.com\/"},{"@type":"ListItem","position":2,"name":"Shop","item":"https:\/\/mama-kann-das.com\/index.php\/shop\/"},{"@type":"ListItem","position":3,"name":"Vorlesebuch &#8222;Charlies Reise durch Emozonien&#8220;"}]},{"@type":"WebSite","@id":"https:\/\/mama-kann-das.com\/#website","url":"https:\/\/mama-kann-das.com\/","name":"mama-kann-das","description":"gelassen durch den Familienalltag","publisher":{"@id":"https:\/\/mama-kann-das.com\/#organization"},"potentialAction":[{"@type":"SearchAction","target":{"@type":"EntryPoint","urlTemplate":"https:\/\/mama-kann-das.com\/?s={search_term_string}"},"query-input":{"@type":"PropertyValueSpecification","valueRequired":true,"valueName":"search_term_string"}}],"inLanguage":"de"},{"@type":"Organization","@id":"https:\/\/mama-kann-das.com\/#organization","name":"mama-kann-das","url":"https:\/\/mama-kann-das.com\/","logo":{"@type":"ImageObject","inLanguage":"de","@id":"https:\/\/mama-kann-das.com\/#\/schema\/logo\/image\/","url":"https:\/\/i0.wp.com\/mama-kann-das.com\/wp-content\/uploads\/2026\/01\/cropped-Banner-neu-1.png?fit=1243%2C351&ssl=1","contentUrl":"https:\/\/i0.wp.com\/mama-kann-das.com\/wp-content\/uploads\/2026\/01\/cropped-Banner-neu-1.png?fit=1243%2C351&ssl=1","width":1243,"height":351,"caption":"mama-kann-das"},"image":{"@id":"https:\/\/mama-kann-das.com\/#\/schema\/logo\/image\/"}}]}},"jetpack_sharing_enabled":true,"_links":{"self":[{"href":"https:\/\/mama-kann-das.com\/index.php\/wp-json\/wp\/v2\/product\/4977","targetHints":{"allow":["GET"]}}],"collection":[{"href":"https:\/\/mama-kann-das.com\/index.php\/wp-json\/wp\/v2\/product"}],"about":[{"href":"https:\/\/mama-kann-das.com\/index.php\/wp-json\/wp\/v2\/types\/product"}],"replies":[{"embeddable":true,"href":"https:\/\/mama-kann-das.com\/index.php\/wp-json\/wp\/v2\/comments?post=4977"}],"wp:featuredmedia":[{"embeddable":true,"href":"https:\/\/mama-kann-das.com\/index.php\/wp-json\/wp\/v2\/media\/4979"}],"wp:attachment":[{"href":"https:\/\/mama-kann-das.com\/index.php\/wp-json\/wp\/v2\/media?parent=4977"}],"wp:term":[{"taxonomy":"product_brand","embeddable":true,"href":"https:\/\/mama-kann-das.com\/index.php\/wp-json\/wp\/v2\/product_brand?post=4977"},{"taxonomy":"product_cat","embeddable":true,"href":"https:\/\/mama-kann-das.com\/index.php\/wp-json\/wp\/v2\/product_cat?post=4977"},{"taxonomy":"product_tag","embeddable":true,"href":"https:\/\/mama-kann-das.com\/index.php\/wp-json\/wp\/v2\/product_tag?post=4977"}],"curies":[{"name":"wp","href":"https:\/\/api.w.org\/{rel}","templated":true}]}}