{"id":427,"date":"2020-10-24T20:03:51","date_gmt":"2020-10-24T20:03:51","guid":{"rendered":"https:\/\/mama-kann-das.com\/?page_id=427"},"modified":"2022-10-03T13:07:04","modified_gmt":"2022-10-03T13:07:04","slug":"gewinnspiele","status":"publish","type":"page","link":"https:\/\/mama-kann-das.com\/index.php\/gewinnspiele\/","title":{"rendered":"Gewinnspiele"},"content":{"rendered":"\n<h2 class=\"wp-block-heading\">Teilnahmebedingungen<\/h2>\n\n\n\n<p>Die Aufgabenstellung sowie die Dauer des Gewinnspiels ist im jeweiligen Gewinnspiel-Post angegeben. Falls nicht anders angegeben, werden die Gewinner &nbsp;ausgelost. <\/p>\n\n\n\n<p><strong>Soweit nicht anders angegeben, gelten au\u00dferdem die allgemeinen&nbsp;Bedingungen:<\/strong><\/p>\n\n\n\n<ul class=\"wp-block-list\"><li>Gewinnspiele sind als Dankesch\u00f6n f\u00fcr meine Leser\u00a0gedacht, es w\u00e4re also w\u00fcnschenswert, wenn ihr meine Leser seid oder werdet!<\/li><li>Teilnahme ab\u00a018 oder mit Einverst\u00e4ndniserkl\u00e4rung der\u00a0Eltern\/Erziehungsberechtigten.<\/li><li>Teilnehmen k\u00f6nnen alle Leser\u00a0mit Postadresse in der Schweiz, in Deutschland und \u00d6sterreich.<\/li><li>Wird der Gewinn direkt von einem Kooperationspartner versendet, erkl\u00e4rt sich der Teilnehmer automatisch mit der Weitergabe seiner Adressdaten an das Unternehmen einverstanden.<\/li><li>Die\u00a0Gewinner werden per Mail benachrichtigt. Wenn in einer in der Mail, bzw. dem Gewinnspiel genannten Frist keine Antwort kommt,\u00a0wird neu ausgelost.<\/li><li>Sollte ein Gewinn aus irgendeinem Grund nicht verf\u00fcgbar sein, wird ein gleichwertiges Alternativprodukt angeboten.<\/li><li>Gewinnspielblogs und Sammelposts sind ausgeschlossen.<\/li><li>Mehrfachteilnahmen (au\u00dfer als solche auf mehreren Kan\u00e4len ausgeschrieben) und \u00e4hnliche T\u00e4uschungsversuche\u00a0<strong>f\u00fchren zum Ausschluss.<\/strong><\/li><\/ul>\n\n\n\n<p>Ich behalte mir vor, Teilnehmer, die sich&nbsp;nicht&nbsp;an die Regeln halten, auszuschlie\u00dfen.<br>F\u00fcr Sch\u00e4den oder Verlust w\u00e4hrend des&nbsp;Versands&nbsp;\u00fcbernehme ich keine Haftung.<br>Der Rechtsweg ist ausgeschlossen.<\/p>\n\n\n\n<p>Und nun w\u00fcnsche ich euch viel Gl\u00fcck!<\/p>\n\n\n\n<p>Eure<\/p>\n\n\n<p class=\"fonts-plugin-block \" style=\"font-family: Satisfy;font-size: 50px\">Corina<\/p>","protected":false},"excerpt":{"rendered":"<p>Teilnahmebedingungen Die Aufgabenstellung sowie die Dauer des Gewinnspiels ist im jeweiligen Gewinnspiel-Post angegeben. Falls nicht anders angegeben, werden die Gewinner &nbsp;ausgelost. Soweit nicht anders angegeben, gelten au\u00dferdem die allgemeinen&nbsp;Bedingungen: Gewinnspiele sind als Dankesch\u00f6n f\u00fcr meine Leser\u00a0gedacht, es w\u00e4re also w\u00fcnschenswert,&#8230;<\/p>\n","protected":false},"author":1,"featured_media":0,"parent":0,"menu_order":0,"comment_status":"closed","ping_status":"closed","template":"","meta":{"jetpack_post_was_ever_published":false,"footnotes":""},"class_list":["post-427","page","type-page","status-publish","hentry"],"yoast_head":"<!-- This site is optimized with the Yoast SEO plugin v27.3 - https:\/\/yoast.com\/product\/yoast-seo-wordpress\/ -->\n<title>Gewinnspiele - mama-kann-das<\/title>\n<meta name=\"robots\" content=\"index, follow, max-snippet:-1, max-image-preview:large, max-video-preview:-1\" \/>\n<link rel=\"canonical\" href=\"https:\/\/mama-kann-das.com\/index.php\/gewinnspiele\/\" \/>\n<meta property=\"og:locale\" content=\"de_DE\" \/>\n<meta property=\"og:type\" content=\"article\" \/>\n<meta property=\"og:title\" content=\"Gewinnspiele - mama-kann-das\" \/>\n<meta property=\"og:description\" content=\"Teilnahmebedingungen Die Aufgabenstellung sowie die Dauer des Gewinnspiels ist im jeweiligen Gewinnspiel-Post angegeben. Falls nicht anders angegeben, werden die Gewinner &nbsp;ausgelost. Soweit nicht anders angegeben, gelten au\u00dferdem die allgemeinen&nbsp;Bedingungen: Gewinnspiele sind als Dankesch\u00f6n f\u00fcr meine Leser\u00a0gedacht, es w\u00e4re also w\u00fcnschenswert,...\" \/>\n<meta property=\"og:url\" content=\"https:\/\/mama-kann-das.com\/index.php\/gewinnspiele\/\" \/>\n<meta property=\"og:site_name\" content=\"mama-kann-das\" \/>\n<meta property=\"article:modified_time\" content=\"2022-10-03T13:07:04+00:00\" \/>\n<meta name=\"twitter:card\" content=\"summary_large_image\" \/>\n<meta name=\"twitter:label1\" content=\"Gesch\u00e4tzte Lesezeit\" \/>\n\t<meta name=\"twitter:data1\" content=\"1\u00a0Minute\" \/>\n<script type=\"application\/ld+json\" class=\"yoast-schema-graph\">{\"@context\":\"https:\\\/\\\/schema.org\",\"@graph\":[{\"@type\":\"WebPage\",\"@id\":\"https:\\\/\\\/mama-kann-das.com\\\/index.php\\\/gewinnspiele\\\/\",\"url\":\"https:\\\/\\\/mama-kann-das.com\\\/index.php\\\/gewinnspiele\\\/\",\"name\":\"Gewinnspiele - mama-kann-das\",\"isPartOf\":{\"@id\":\"https:\\\/\\\/mama-kann-das.com\\\/#website\"},\"datePublished\":\"2020-10-24T20:03:51+00:00\",\"dateModified\":\"2022-10-03T13:07:04+00:00\",\"breadcrumb\":{\"@id\":\"https:\\\/\\\/mama-kann-das.com\\\/index.php\\\/gewinnspiele\\\/#breadcrumb\"},\"inLanguage\":\"de\",\"potentialAction\":[{\"@type\":\"ReadAction\",\"target\":[\"https:\\\/\\\/mama-kann-das.com\\\/index.php\\\/gewinnspiele\\\/\"]}]},{\"@type\":\"BreadcrumbList\",\"@id\":\"https:\\\/\\\/mama-kann-das.com\\\/index.php\\\/gewinnspiele\\\/#breadcrumb\",\"itemListElement\":[{\"@type\":\"ListItem\",\"position\":1,\"name\":\"Startseite\",\"item\":\"https:\\\/\\\/mama-kann-das.com\\\/\"},{\"@type\":\"ListItem\",\"position\":2,\"name\":\"Gewinnspiele\"}]},{\"@type\":\"WebSite\",\"@id\":\"https:\\\/\\\/mama-kann-das.com\\\/#website\",\"url\":\"https:\\\/\\\/mama-kann-das.com\\\/\",\"name\":\"mama-kann-das\",\"description\":\"gelassen durch den Familienalltag\",\"publisher\":{\"@id\":\"https:\\\/\\\/mama-kann-das.com\\\/#organization\"},\"potentialAction\":[{\"@type\":\"SearchAction\",\"target\":{\"@type\":\"EntryPoint\",\"urlTemplate\":\"https:\\\/\\\/mama-kann-das.com\\\/?s={search_term_string}\"},\"query-input\":{\"@type\":\"PropertyValueSpecification\",\"valueRequired\":true,\"valueName\":\"search_term_string\"}}],\"inLanguage\":\"de\"},{\"@type\":\"Organization\",\"@id\":\"https:\\\/\\\/mama-kann-das.com\\\/#organization\",\"name\":\"mama-kann-das\",\"url\":\"https:\\\/\\\/mama-kann-das.com\\\/\",\"logo\":{\"@type\":\"ImageObject\",\"inLanguage\":\"de\",\"@id\":\"https:\\\/\\\/mama-kann-das.com\\\/#\\\/schema\\\/logo\\\/image\\\/\",\"url\":\"https:\\\/\\\/i0.wp.com\\\/mama-kann-das.com\\\/wp-content\\\/uploads\\\/2026\\\/01\\\/cropped-Banner-neu-1.png?fit=1243%2C351&ssl=1\",\"contentUrl\":\"https:\\\/\\\/i0.wp.com\\\/mama-kann-das.com\\\/wp-content\\\/uploads\\\/2026\\\/01\\\/cropped-Banner-neu-1.png?fit=1243%2C351&ssl=1\",\"width\":1243,\"height\":351,\"caption\":\"mama-kann-das\"},\"image\":{\"@id\":\"https:\\\/\\\/mama-kann-das.com\\\/#\\\/schema\\\/logo\\\/image\\\/\"}}]}<\/script>\n<!-- \/ Yoast SEO plugin. -->","yoast_head_json":{"title":"Gewinnspiele - mama-kann-das","robots":{"index":"index","follow":"follow","max-snippet":"max-snippet:-1","max-image-preview":"max-image-preview:large","max-video-preview":"max-video-preview:-1"},"canonical":"https:\/\/mama-kann-das.com\/index.php\/gewinnspiele\/","og_locale":"de_DE","og_type":"article","og_title":"Gewinnspiele - mama-kann-das","og_description":"Teilnahmebedingungen Die Aufgabenstellung sowie die Dauer des Gewinnspiels ist im jeweiligen Gewinnspiel-Post angegeben. Falls nicht anders angegeben, werden die Gewinner &nbsp;ausgelost. Soweit nicht anders angegeben, gelten au\u00dferdem die allgemeinen&nbsp;Bedingungen: Gewinnspiele sind als Dankesch\u00f6n f\u00fcr meine Leser\u00a0gedacht, es w\u00e4re also w\u00fcnschenswert,...","og_url":"https:\/\/mama-kann-das.com\/index.php\/gewinnspiele\/","og_site_name":"mama-kann-das","article_modified_time":"2022-10-03T13:07:04+00:00","twitter_card":"summary_large_image","twitter_misc":{"Gesch\u00e4tzte Lesezeit":"1\u00a0Minute"},"schema":{"@context":"https:\/\/schema.org","@graph":[{"@type":"WebPage","@id":"https:\/\/mama-kann-das.com\/index.php\/gewinnspiele\/","url":"https:\/\/mama-kann-das.com\/index.php\/gewinnspiele\/","name":"Gewinnspiele - mama-kann-das","isPartOf":{"@id":"https:\/\/mama-kann-das.com\/#website"},"datePublished":"2020-10-24T20:03:51+00:00","dateModified":"2022-10-03T13:07:04+00:00","breadcrumb":{"@id":"https:\/\/mama-kann-das.com\/index.php\/gewinnspiele\/#breadcrumb"},"inLanguage":"de","potentialAction":[{"@type":"ReadAction","target":["https:\/\/mama-kann-das.com\/index.php\/gewinnspiele\/"]}]},{"@type":"BreadcrumbList","@id":"https:\/\/mama-kann-das.com\/index.php\/gewinnspiele\/#breadcrumb","itemListElement":[{"@type":"ListItem","position":1,"name":"Startseite","item":"https:\/\/mama-kann-das.com\/"},{"@type":"ListItem","position":2,"name":"Gewinnspiele"}]},{"@type":"WebSite","@id":"https:\/\/mama-kann-das.com\/#website","url":"https:\/\/mama-kann-das.com\/","name":"mama-kann-das","description":"gelassen durch den Familienalltag","publisher":{"@id":"https:\/\/mama-kann-das.com\/#organization"},"potentialAction":[{"@type":"SearchAction","target":{"@type":"EntryPoint","urlTemplate":"https:\/\/mama-kann-das.com\/?s={search_term_string}"},"query-input":{"@type":"PropertyValueSpecification","valueRequired":true,"valueName":"search_term_string"}}],"inLanguage":"de"},{"@type":"Organization","@id":"https:\/\/mama-kann-das.com\/#organization","name":"mama-kann-das","url":"https:\/\/mama-kann-das.com\/","logo":{"@type":"ImageObject","inLanguage":"de","@id":"https:\/\/mama-kann-das.com\/#\/schema\/logo\/image\/","url":"https:\/\/i0.wp.com\/mama-kann-das.com\/wp-content\/uploads\/2026\/01\/cropped-Banner-neu-1.png?fit=1243%2C351&ssl=1","contentUrl":"https:\/\/i0.wp.com\/mama-kann-das.com\/wp-content\/uploads\/2026\/01\/cropped-Banner-neu-1.png?fit=1243%2C351&ssl=1","width":1243,"height":351,"caption":"mama-kann-das"},"image":{"@id":"https:\/\/mama-kann-das.com\/#\/schema\/logo\/image\/"}}]}},"jetpack_sharing_enabled":true,"_links":{"self":[{"href":"https:\/\/mama-kann-das.com\/index.php\/wp-json\/wp\/v2\/pages\/427","targetHints":{"allow":["GET"]}}],"collection":[{"href":"https:\/\/mama-kann-das.com\/index.php\/wp-json\/wp\/v2\/pages"}],"about":[{"href":"https:\/\/mama-kann-das.com\/index.php\/wp-json\/wp\/v2\/types\/page"}],"author":[{"embeddable":true,"href":"https:\/\/mama-kann-das.com\/index.php\/wp-json\/wp\/v2\/users\/1"}],"replies":[{"embeddable":true,"href":"https:\/\/mama-kann-das.com\/index.php\/wp-json\/wp\/v2\/comments?post=427"}],"version-history":[{"count":2,"href":"https:\/\/mama-kann-das.com\/index.php\/wp-json\/wp\/v2\/pages\/427\/revisions"}],"predecessor-version":[{"id":1250,"href":"https:\/\/mama-kann-das.com\/index.php\/wp-json\/wp\/v2\/pages\/427\/revisions\/1250"}],"wp:attachment":[{"href":"https:\/\/mama-kann-das.com\/index.php\/wp-json\/wp\/v2\/media?parent=427"}],"curies":[{"name":"wp","href":"https:\/\/api.w.org\/{rel}","templated":true}]}}