{"id":38,"date":"2020-05-02T11:36:41","date_gmt":"2020-05-02T11:36:41","guid":{"rendered":"https:\/\/mama-kann-das.com\/?page_id=38"},"modified":"2026-01-10T11:46:15","modified_gmt":"2026-01-10T09:46:15","slug":"herzlich-willkommen","status":"publish","type":"page","link":"https:\/\/mama-kann-das.com\/index.php\/herzlich-willkommen\/","title":{"rendered":"\u00dcber mich"},"content":{"rendered":"\n<p><strong>\u201eMama, in mir drin ist gerade ein riesiger Sturm!\u201c<\/strong><\/p>\n\n\n\n<p>Diesen Satz, oder zumindest das Gef\u00fchl dahinter, kennen wir alle. Als Mutter war es mein eigener Sohn, der mir die Inspiration f\u00fcr mein Herzensprojekt gab. Ich wollte ihm \u2013 und allen Kindern \u2013 eine Sprache geben f\u00fcr das, was oft so schwer in Worte zu fassen ist.<\/p>\n\n\n\n<p>So entstand <strong>\u201eCharlies Reise durch Emozonien\u201c<\/strong>.<\/p>\n\n\n\n<h3 class=\"wp-block-heading\">Wer ich bin<\/h3>\n\n\n\n<p>Ich bin Corina \u2013 Autorin, Erzieherin und Wegbegleiterin f\u00fcr bewusste Elternschaft. Mein Herz schl\u00e4gt daf\u00fcr, die Welt aus den Augen der Kinder zu betrachten. Ich helfe Eltern dabei, die Gef\u00fchlswelt ihrer Kinder zu entschl\u00fcsseln und sie mit Gelassenheit durch ihren Alltag zu f\u00fchren.<\/p>\n\n\n\n<h3 class=\"wp-block-heading\">Warum ich tue, was ich tue<\/h3>\n\n\n\n<p>In meiner langj\u00e4hrigen Arbeit als <strong>Erzieherin<\/strong> habe ich gesehen, dass Kinder nicht \u201eschwierig\u201c sind, sondern ihnen einfach oft die Werkzeuge im Umgang mit ihrem inneren Universum fehlen. In meiner Zeit als <strong>Coach f\u00fcr bewusste Elternschaft<\/strong> durfte ich Familien dabei begleiten, wieder mehr Leichtigkeit und Verst\u00e4ndnis in ihre Beziehung zu bringen.<\/p>\n\n\n\n<p>Heute flie\u00dft all dieses Wissen \u2013 die p\u00e4dagogische Fachkompetenz und die t\u00e4gliche Erfahrung als Mama \u2013 in meine B\u00fccher und Arbeitsmaterialien. Mein Ziel ist es, Kinder darin zu best\u00e4rken, ihre Gef\u00fchle mutig zu erkunden und mit Vertrauen das Steuer f\u00fcr ihre eigene Innenwelt zu \u00fcbernehmen.<\/p>\n\n\n\n<h3 class=\"wp-block-heading\">Wie wir zusammenarbeiten k\u00f6nnen<\/h3>\n\n\n\n<p>Auch wenn mein Fokus heute auf dem Schreiben liegt, schl\u00e4gt mein Herz weiterhin f\u00fcr den direkten Austausch:<\/p>\n\n\n\n<ul class=\"wp-block-list\">\n<li><strong>Workshops f\u00fcr Eltern:<\/strong> In regelm\u00e4\u00dfigen Abst\u00e4nden biete ich R\u00e4ume an, in denen wir uns gemeinsam Themen wie Co-Regulation, Resilienzf\u00f6rderung und bindungsorientiertes Begleiten anschauen.<\/li>\n\n\n\n<li><strong>Vortr\u00e4ge &amp; Kurse:<\/strong> Auf Anfrage besuche ich gerne Kinderg\u00e4rten, Schulen oder Institutionen, um \u00fcber die Arbeit mit \u201eEmozonien\u201c zu sprechen oder Impulse f\u00fcr eine bewusste Elternschaft zu geben.<\/li>\n<\/ul>\n\n\n\n<p>Egal ob durch meine B\u00fccher oder in einem meiner Kurse \u2013 ich freue mich darauf, dich und deine Familie ein St\u00fcck auf eurer Reise zu begleiten.<\/p>\n\n\n\n<p><strong>Lass uns gemeinsam starten.<\/strong><\/p>\n\n\n<p class=\"fonts-plugin-block \">Deine <\/p>\n\n<p class=\"fonts-plugin-block \" style=\"font-family: Satisfy;font-size: 50px;line-height: 2.2\">Corina<\/p>\n\n\n<p><\/p>\n\n\n<div class=\"wp-block-image\">\n<figure class=\"aligncenter size-large is-resized\"><img data-recalc-dims=\"1\" fetchpriority=\"high\" decoding=\"async\" width=\"640\" height=\"569\" src=\"https:\/\/i0.wp.com\/mama-kann-das.com\/wp-content\/uploads\/2026\/01\/20250711_144839.jpg?resize=640%2C569&#038;ssl=1\" alt=\"\" class=\"wp-image-4930\" style=\"width:431px\" srcset=\"https:\/\/i0.wp.com\/mama-kann-das.com\/wp-content\/uploads\/2026\/01\/20250711_144839.jpg?resize=1024%2C911&amp;ssl=1 1024w, https:\/\/i0.wp.com\/mama-kann-das.com\/wp-content\/uploads\/2026\/01\/20250711_144839.jpg?resize=300%2C267&amp;ssl=1 300w, https:\/\/i0.wp.com\/mama-kann-das.com\/wp-content\/uploads\/2026\/01\/20250711_144839.jpg?resize=768%2C683&amp;ssl=1 768w, https:\/\/i0.wp.com\/mama-kann-das.com\/wp-content\/uploads\/2026\/01\/20250711_144839.jpg?resize=1320%2C1174&amp;ssl=1 1320w, https:\/\/i0.wp.com\/mama-kann-das.com\/wp-content\/uploads\/2026\/01\/20250711_144839.jpg?resize=600%2C534&amp;ssl=1 600w, https:\/\/i0.wp.com\/mama-kann-das.com\/wp-content\/uploads\/2026\/01\/20250711_144839.jpg?w=1498&amp;ssl=1 1498w\" sizes=\"(max-width: 640px) 100vw, 640px\" \/><\/figure>\n<\/div>","protected":false},"excerpt":{"rendered":"<p>\u201eMama, in mir drin ist gerade ein riesiger Sturm!\u201c Diesen Satz, oder zumindest das Gef\u00fchl dahinter, kennen wir alle. Als Mutter war es mein eigener Sohn, der mir die Inspiration f\u00fcr mein Herzensprojekt gab. Ich wollte ihm \u2013 und allen&#8230;<\/p>\n","protected":false},"author":1,"featured_media":0,"parent":0,"menu_order":0,"comment_status":"closed","ping_status":"closed","template":"","meta":{"jetpack_post_was_ever_published":true,"footnotes":""},"class_list":["post-38","page","type-page","status-publish","hentry"],"yoast_head":"<!-- This site is optimized with the Yoast SEO plugin v27.4 - https:\/\/yoast.com\/product\/yoast-seo-wordpress\/ -->\n<title>\u00dcber mich - mama-kann-das<\/title>\n<meta name=\"description\" content=\"Bewusste Elternschaft ist eine Entscheidung, nicht nur f\u00fcr unsere Kinder sondern auch f\u00fcr uns selbst und unsere inneren Kinder. Bist du bereit f\u00fcr den Weg?\" \/>\n<meta name=\"robots\" content=\"index, follow, max-snippet:-1, max-image-preview:large, max-video-preview:-1\" \/>\n<link rel=\"canonical\" href=\"https:\/\/mama-kann-das.com\/index.php\/herzlich-willkommen\/\" \/>\n<meta property=\"og:locale\" content=\"de_DE\" \/>\n<meta property=\"og:type\" content=\"article\" \/>\n<meta property=\"og:title\" content=\"\u00dcber mich - mama-kann-das\" \/>\n<meta property=\"og:description\" content=\"Bewusste Elternschaft ist eine Entscheidung, nicht nur f\u00fcr unsere Kinder sondern auch f\u00fcr uns selbst und unsere inneren Kinder. Bist du bereit f\u00fcr den Weg?\" \/>\n<meta property=\"og:url\" content=\"https:\/\/mama-kann-das.com\/index.php\/herzlich-willkommen\/\" \/>\n<meta property=\"og:site_name\" content=\"mama-kann-das\" \/>\n<meta property=\"article:modified_time\" content=\"2026-01-10T09:46:15+00:00\" \/>\n<meta property=\"og:image\" content=\"https:\/\/mama-kann-das.com\/wp-content\/uploads\/2026\/01\/20250711_144839-1024x911.jpg\" \/>\n<meta name=\"twitter:card\" content=\"summary_large_image\" \/>\n<meta name=\"twitter:label1\" content=\"Gesch\u00e4tzte Lesezeit\" \/>\n\t<meta name=\"twitter:data1\" content=\"2\u00a0Minuten\" \/>\n<script type=\"application\/ld+json\" class=\"yoast-schema-graph\">{\"@context\":\"https:\\\/\\\/schema.org\",\"@graph\":[{\"@type\":\"WebPage\",\"@id\":\"https:\\\/\\\/mama-kann-das.com\\\/index.php\\\/herzlich-willkommen\\\/\",\"url\":\"https:\\\/\\\/mama-kann-das.com\\\/index.php\\\/herzlich-willkommen\\\/\",\"name\":\"\u00dcber mich - mama-kann-das\",\"isPartOf\":{\"@id\":\"https:\\\/\\\/mama-kann-das.com\\\/#website\"},\"primaryImageOfPage\":{\"@id\":\"https:\\\/\\\/mama-kann-das.com\\\/index.php\\\/herzlich-willkommen\\\/#primaryimage\"},\"image\":{\"@id\":\"https:\\\/\\\/mama-kann-das.com\\\/index.php\\\/herzlich-willkommen\\\/#primaryimage\"},\"thumbnailUrl\":\"https:\\\/\\\/mama-kann-das.com\\\/wp-content\\\/uploads\\\/2026\\\/01\\\/20250711_144839-1024x911.jpg\",\"datePublished\":\"2020-05-02T11:36:41+00:00\",\"dateModified\":\"2026-01-10T09:46:15+00:00\",\"description\":\"Bewusste Elternschaft ist eine Entscheidung, nicht nur f\u00fcr unsere Kinder sondern auch f\u00fcr uns selbst und unsere inneren Kinder. Bist du bereit f\u00fcr den Weg?\",\"breadcrumb\":{\"@id\":\"https:\\\/\\\/mama-kann-das.com\\\/index.php\\\/herzlich-willkommen\\\/#breadcrumb\"},\"inLanguage\":\"de\",\"potentialAction\":[{\"@type\":\"ReadAction\",\"target\":[\"https:\\\/\\\/mama-kann-das.com\\\/index.php\\\/herzlich-willkommen\\\/\"]}]},{\"@type\":\"ImageObject\",\"inLanguage\":\"de\",\"@id\":\"https:\\\/\\\/mama-kann-das.com\\\/index.php\\\/herzlich-willkommen\\\/#primaryimage\",\"url\":\"https:\\\/\\\/i0.wp.com\\\/mama-kann-das.com\\\/wp-content\\\/uploads\\\/2026\\\/01\\\/20250711_144839.jpg?fit=1498%2C1332&ssl=1\",\"contentUrl\":\"https:\\\/\\\/i0.wp.com\\\/mama-kann-das.com\\\/wp-content\\\/uploads\\\/2026\\\/01\\\/20250711_144839.jpg?fit=1498%2C1332&ssl=1\",\"width\":1498,\"height\":1332},{\"@type\":\"BreadcrumbList\",\"@id\":\"https:\\\/\\\/mama-kann-das.com\\\/index.php\\\/herzlich-willkommen\\\/#breadcrumb\",\"itemListElement\":[{\"@type\":\"ListItem\",\"position\":1,\"name\":\"Startseite\",\"item\":\"https:\\\/\\\/mama-kann-das.com\\\/\"},{\"@type\":\"ListItem\",\"position\":2,\"name\":\"\u00dcber mich\"}]},{\"@type\":\"WebSite\",\"@id\":\"https:\\\/\\\/mama-kann-das.com\\\/#website\",\"url\":\"https:\\\/\\\/mama-kann-das.com\\\/\",\"name\":\"mama-kann-das\",\"description\":\"gelassen durch den Familienalltag\",\"publisher\":{\"@id\":\"https:\\\/\\\/mama-kann-das.com\\\/#organization\"},\"potentialAction\":[{\"@type\":\"SearchAction\",\"target\":{\"@type\":\"EntryPoint\",\"urlTemplate\":\"https:\\\/\\\/mama-kann-das.com\\\/?s={search_term_string}\"},\"query-input\":{\"@type\":\"PropertyValueSpecification\",\"valueRequired\":true,\"valueName\":\"search_term_string\"}}],\"inLanguage\":\"de\"},{\"@type\":\"Organization\",\"@id\":\"https:\\\/\\\/mama-kann-das.com\\\/#organization\",\"name\":\"mama-kann-das\",\"url\":\"https:\\\/\\\/mama-kann-das.com\\\/\",\"logo\":{\"@type\":\"ImageObject\",\"inLanguage\":\"de\",\"@id\":\"https:\\\/\\\/mama-kann-das.com\\\/#\\\/schema\\\/logo\\\/image\\\/\",\"url\":\"https:\\\/\\\/i0.wp.com\\\/mama-kann-das.com\\\/wp-content\\\/uploads\\\/2026\\\/01\\\/cropped-Banner-neu-1.png?fit=1243%2C351&ssl=1\",\"contentUrl\":\"https:\\\/\\\/i0.wp.com\\\/mama-kann-das.com\\\/wp-content\\\/uploads\\\/2026\\\/01\\\/cropped-Banner-neu-1.png?fit=1243%2C351&ssl=1\",\"width\":1243,\"height\":351,\"caption\":\"mama-kann-das\"},\"image\":{\"@id\":\"https:\\\/\\\/mama-kann-das.com\\\/#\\\/schema\\\/logo\\\/image\\\/\"}}]}<\/script>\n<!-- \/ Yoast SEO plugin. -->","yoast_head_json":{"title":"\u00dcber mich - mama-kann-das","description":"Bewusste Elternschaft ist eine Entscheidung, nicht nur f\u00fcr unsere Kinder sondern auch f\u00fcr uns selbst und unsere inneren Kinder. Bist du bereit f\u00fcr den Weg?","robots":{"index":"index","follow":"follow","max-snippet":"max-snippet:-1","max-image-preview":"max-image-preview:large","max-video-preview":"max-video-preview:-1"},"canonical":"https:\/\/mama-kann-das.com\/index.php\/herzlich-willkommen\/","og_locale":"de_DE","og_type":"article","og_title":"\u00dcber mich - mama-kann-das","og_description":"Bewusste Elternschaft ist eine Entscheidung, nicht nur f\u00fcr unsere Kinder sondern auch f\u00fcr uns selbst und unsere inneren Kinder. Bist du bereit f\u00fcr den Weg?","og_url":"https:\/\/mama-kann-das.com\/index.php\/herzlich-willkommen\/","og_site_name":"mama-kann-das","article_modified_time":"2026-01-10T09:46:15+00:00","og_image":[{"url":"https:\/\/mama-kann-das.com\/wp-content\/uploads\/2026\/01\/20250711_144839-1024x911.jpg","type":"","width":"","height":""}],"twitter_card":"summary_large_image","twitter_misc":{"Gesch\u00e4tzte Lesezeit":"2\u00a0Minuten"},"schema":{"@context":"https:\/\/schema.org","@graph":[{"@type":"WebPage","@id":"https:\/\/mama-kann-das.com\/index.php\/herzlich-willkommen\/","url":"https:\/\/mama-kann-das.com\/index.php\/herzlich-willkommen\/","name":"\u00dcber mich - mama-kann-das","isPartOf":{"@id":"https:\/\/mama-kann-das.com\/#website"},"primaryImageOfPage":{"@id":"https:\/\/mama-kann-das.com\/index.php\/herzlich-willkommen\/#primaryimage"},"image":{"@id":"https:\/\/mama-kann-das.com\/index.php\/herzlich-willkommen\/#primaryimage"},"thumbnailUrl":"https:\/\/mama-kann-das.com\/wp-content\/uploads\/2026\/01\/20250711_144839-1024x911.jpg","datePublished":"2020-05-02T11:36:41+00:00","dateModified":"2026-01-10T09:46:15+00:00","description":"Bewusste Elternschaft ist eine Entscheidung, nicht nur f\u00fcr unsere Kinder sondern auch f\u00fcr uns selbst und unsere inneren Kinder. Bist du bereit f\u00fcr den Weg?","breadcrumb":{"@id":"https:\/\/mama-kann-das.com\/index.php\/herzlich-willkommen\/#breadcrumb"},"inLanguage":"de","potentialAction":[{"@type":"ReadAction","target":["https:\/\/mama-kann-das.com\/index.php\/herzlich-willkommen\/"]}]},{"@type":"ImageObject","inLanguage":"de","@id":"https:\/\/mama-kann-das.com\/index.php\/herzlich-willkommen\/#primaryimage","url":"https:\/\/i0.wp.com\/mama-kann-das.com\/wp-content\/uploads\/2026\/01\/20250711_144839.jpg?fit=1498%2C1332&ssl=1","contentUrl":"https:\/\/i0.wp.com\/mama-kann-das.com\/wp-content\/uploads\/2026\/01\/20250711_144839.jpg?fit=1498%2C1332&ssl=1","width":1498,"height":1332},{"@type":"BreadcrumbList","@id":"https:\/\/mama-kann-das.com\/index.php\/herzlich-willkommen\/#breadcrumb","itemListElement":[{"@type":"ListItem","position":1,"name":"Startseite","item":"https:\/\/mama-kann-das.com\/"},{"@type":"ListItem","position":2,"name":"\u00dcber mich"}]},{"@type":"WebSite","@id":"https:\/\/mama-kann-das.com\/#website","url":"https:\/\/mama-kann-das.com\/","name":"mama-kann-das","description":"gelassen durch den Familienalltag","publisher":{"@id":"https:\/\/mama-kann-das.com\/#organization"},"potentialAction":[{"@type":"SearchAction","target":{"@type":"EntryPoint","urlTemplate":"https:\/\/mama-kann-das.com\/?s={search_term_string}"},"query-input":{"@type":"PropertyValueSpecification","valueRequired":true,"valueName":"search_term_string"}}],"inLanguage":"de"},{"@type":"Organization","@id":"https:\/\/mama-kann-das.com\/#organization","name":"mama-kann-das","url":"https:\/\/mama-kann-das.com\/","logo":{"@type":"ImageObject","inLanguage":"de","@id":"https:\/\/mama-kann-das.com\/#\/schema\/logo\/image\/","url":"https:\/\/i0.wp.com\/mama-kann-das.com\/wp-content\/uploads\/2026\/01\/cropped-Banner-neu-1.png?fit=1243%2C351&ssl=1","contentUrl":"https:\/\/i0.wp.com\/mama-kann-das.com\/wp-content\/uploads\/2026\/01\/cropped-Banner-neu-1.png?fit=1243%2C351&ssl=1","width":1243,"height":351,"caption":"mama-kann-das"},"image":{"@id":"https:\/\/mama-kann-das.com\/#\/schema\/logo\/image\/"}}]}},"jetpack_sharing_enabled":true,"_links":{"self":[{"href":"https:\/\/mama-kann-das.com\/index.php\/wp-json\/wp\/v2\/pages\/38","targetHints":{"allow":["GET"]}}],"collection":[{"href":"https:\/\/mama-kann-das.com\/index.php\/wp-json\/wp\/v2\/pages"}],"about":[{"href":"https:\/\/mama-kann-das.com\/index.php\/wp-json\/wp\/v2\/types\/page"}],"author":[{"embeddable":true,"href":"https:\/\/mama-kann-das.com\/index.php\/wp-json\/wp\/v2\/users\/1"}],"replies":[{"embeddable":true,"href":"https:\/\/mama-kann-das.com\/index.php\/wp-json\/wp\/v2\/comments?post=38"}],"version-history":[{"count":40,"href":"https:\/\/mama-kann-das.com\/index.php\/wp-json\/wp\/v2\/pages\/38\/revisions"}],"predecessor-version":[{"id":4931,"href":"https:\/\/mama-kann-das.com\/index.php\/wp-json\/wp\/v2\/pages\/38\/revisions\/4931"}],"wp:attachment":[{"href":"https:\/\/mama-kann-das.com\/index.php\/wp-json\/wp\/v2\/media?parent=38"}],"curies":[{"name":"wp","href":"https:\/\/api.w.org\/{rel}","templated":true}]}}